{"id":3562,"date":"2022-10-20T21:33:41","date_gmt":"2022-10-20T18:33:41","guid":{"rendered":"http:\/\/localhost:8888\/clink\/?page_id=3562"},"modified":"2026-01-26T08:07:17","modified_gmt":"2026-01-26T06:07:17","slug":"palvelut","status":"publish","type":"page","link":"https:\/\/studioreyniergomez.com\/en\/palvelut\/","title":{"rendered":"Palvelut"},"content":{"rendered":"<section id=\"bt_bb_section69d452545c12c\" data-parallax=\"0.7\" data-parallax-offset=\"150\" class=\"bt_bb_section bt_bb_layout_boxed_1200 bt_bb_full_screen bt_bb_vertical_align_middle bt_bb_background_image bt_bb_parallax bt_bb_top_spacing_extra_large bt_bb_bottom_spacing_extra_large\" style=\"background-image:url(&#039;https:\/\/studioreyniergomez.com\/wp-content\/uploads\/2022\/10\/palvelut.jpg&#039;);\" data-bt-override-class=\"{&quot;bt_bb_top_spacing_&quot;:{&quot;current_class&quot;:&quot;bt_bb_top_spacing_extra_large&quot;,&quot;xxl&quot;:&quot;extra_large&quot;,&quot;xl&quot;:&quot;extra_large&quot;},&quot;bt_bb_bottom_spacing_&quot;:{&quot;current_class&quot;:&quot;bt_bb_bottom_spacing_extra_large&quot;,&quot;xxl&quot;:&quot;extra_large&quot;,&quot;xl&quot;:&quot;extra_large&quot;}}\"><div class=\"bt_bb_port\"><div class=\"bt_bb_cell\"><div class=\"bt_bb_cell_inner\"><div class=\"bt_bb_row_wrapper\"><div  class=\"bt_bb_row\"  data-bt-override-class=\"{}\"><div  class=\"bt_bb_column col-xxl-12 col-xl-12 col-xs-12 col-sm-12 col-md-12 col-lg-12 bt_bb_vertical_align_top bt_bb_align_left bt_bb_padding_normal bt_bb_animation_fade_in animate\"  data-width=\"12\" data-bt-override-class=\"{}\"><div class=\"bt_bb_column_content\"><div class=\"bt_bb_column_content_inner\"><\/div><\/div><\/div><\/div><\/div><\/div><\/div><\/div><\/section><section id=\"bt_bb_section69d452545c2e3\"  class=\"bt_bb_section bt_bb_layout_boxed_1200 bt_bb_vertical_align_top bt_bb_top_spacing_60 bt_bb_bottom_spacing_60\" style=\";background-color:rgb(255,255,255);\" data-bt-override-class=\"{&quot;bt_bb_top_spacing_&quot;:{&quot;current_class&quot;:&quot;bt_bb_top_spacing_60&quot;,&quot;xxl&quot;:&quot;60&quot;,&quot;xl&quot;:&quot;60&quot;},&quot;bt_bb_bottom_spacing_&quot;:{&quot;current_class&quot;:&quot;bt_bb_bottom_spacing_60&quot;,&quot;xxl&quot;:&quot;60&quot;,&quot;xl&quot;:&quot;60&quot;}}\"><div class=\"bt_bb_port\"><div class=\"bt_bb_cell\"><div class=\"bt_bb_cell_inner\"><div class=\"bt_bb_row_wrapper\"><div  class=\"bt_bb_row bt_bb_column_gap_25\"  data-bt-override-class=\"{}\"><div  class=\"bt_bb_column col-xxl-12 col-xl-12 col-xs-12 col-sm-12 col-md-12 col-lg-12 bt_bb_vertical_align_middle bt_bb_align_center bt_bb_padding_normal bt_bb_animation_fade_in animate bt_bb_shape_inherit\"  data-width=\"12\" data-bt-override-class=\"{&quot;bt_bb_align_&quot;:{&quot;current_class&quot;:&quot;bt_bb_align_center&quot;,&quot;xxl&quot;:&quot;center&quot;,&quot;xl&quot;:&quot;center&quot;},&quot;bt_bb_padding_&quot;:{&quot;current_class&quot;:&quot;bt_bb_padding_normal&quot;,&quot;xxl&quot;:&quot;normal&quot;,&quot;xl&quot;:&quot;normal&quot;}}\"><div class=\"bt_bb_column_content\"><div class=\"bt_bb_column_content_inner\"><header class=\"bt_bb_headline bt_bb_font_weight_black bt_bb_subheadline_text_transform_default bt_bb_color_scheme_5 bt_bb_dash_none bt_bb_size_extralarge bt_bb_align_inherit\" style=\"; --primary-color:#191919; --secondary-color:#ff0000;;color:rgb(0,0,0);border-color:rgb(0,0,0);\" data-bt-override-class=\"{&quot;bt_bb_size_&quot;:{&quot;current_class&quot;:&quot;bt_bb_size_extralarge&quot;,&quot;xxl&quot;:&quot;extralarge&quot;,&quot;xl&quot;:&quot;extralarge&quot;},&quot;bt_bb_align_&quot;:{&quot;current_class&quot;:&quot;bt_bb_align_inherit&quot;,&quot;xxl&quot;:&quot;inherit&quot;,&quot;xl&quot;:&quot;inherit&quot;}}\"><h1 style=\"font-size:40px\" class=\"bt_bb_headline_tag\"><span class=\"bt_bb_headline_content\"><span>Palvelut<\/span><\/span><\/h1><\/header><div class=\"bt_bb_separator bt_bb_border_style_none bt_bb_top_spacing_20 bt_bb_bottom_spacing_\" data-bt-override-class=\"{&quot;bt_bb_top_spacing_&quot;:{&quot;current_class&quot;:&quot;bt_bb_top_spacing_20&quot;,&quot;xxl&quot;:&quot;20&quot;,&quot;xl&quot;:&quot;20&quot;},&quot;bt_bb_bottom_spacing_&quot;:{&quot;current_class&quot;:&quot;bt_bb_bottom_spacing_&quot;,&quot;xxl&quot;:&quot;&quot;,&quot;xl&quot;:&quot;&quot;}}\"><\/div><header class=\"bt_bb_headline bt_bb_font_weight_normal bt_bb_color_scheme_5 bt_bb_dash_none bt_bb_size_extralarge bt_bb_align_inherit\" style=\"; --primary-color:#191919; --secondary-color:#ff0000;;color:rgb(0,0,0);border-color:rgb(0,0,0);\" data-bt-override-class=\"{&quot;bt_bb_size_&quot;:{&quot;current_class&quot;:&quot;bt_bb_size_extralarge&quot;,&quot;xxl&quot;:&quot;extralarge&quot;,&quot;xl&quot;:&quot;extralarge&quot;},&quot;bt_bb_align_&quot;:{&quot;current_class&quot;:&quot;bt_bb_align_inherit&quot;,&quot;xxl&quot;:&quot;inherit&quot;,&quot;xl&quot;:&quot;inherit&quot;}}\"><h3 style=\"font-size:21px\" class=\"bt_bb_headline_tag\"><span class=\"bt_bb_headline_content\"><span>Studio Reynier G\u00f3mez tarjoaa normaalin tanssiaikataulun lis\u00e4ksi mm.<br \/>\r\nTYKY-tunteja, polttari opetusta, yksityistunteja sek\u00e4 tanssiryhm\u00e4n tanssiesityksi\u00e4.<br \/>\r\nMy\u00f6s Studion sali on vuokrattavissa edullisesti!<\/span><\/span><\/h3><\/header><\/div><\/div><\/div><\/div><\/div><\/div><\/div><\/div><\/section><section id=\"classes\"  class=\"bt_bb_section bt_bb_layout_boxed_1200 bt_bb_vertical_align_top bt_bb_top_spacing_60 bt_bb_bottom_spacing_\"  data-bt-override-class=\"{&quot;bt_bb_top_spacing_&quot;:{&quot;current_class&quot;:&quot;bt_bb_top_spacing_60&quot;,&quot;xxl&quot;:&quot;60&quot;,&quot;xl&quot;:&quot;60&quot;},&quot;bt_bb_bottom_spacing_&quot;:{&quot;current_class&quot;:&quot;bt_bb_bottom_spacing_&quot;,&quot;xxl&quot;:&quot;&quot;,&quot;xl&quot;:&quot;&quot;}}\"><div class=\"bt_bb_port\"><div class=\"bt_bb_cell\"><div class=\"bt_bb_cell_inner\"><div class=\"bt_bb_row_wrapper\"><div  class=\"bt_bb_row bt_bb_column_gap_0 bt_bb_shape_inherit\"  data-bt-override-class=\"{}\"><div id=\"services-page\" class=\"bt_bb_column col-xxl-4 col-xl-4 col-xs-12 col-sm-12 col-md-12 col-lg-4 bt_bb_vertical_align_top bt_bb_align_left bt_bb_column_background_image bt_bb_padding_0 bt_bb_animation_fade_in animate bt_bb_shape_inherit\" style=\"background-image:url(&#039;https:\/\/studioreyniergomez.com\/wp-content\/uploads\/2022\/11\/service_tyky.jpg&#039;);\" data-width=\"4\" data-bt-override-class=\"{&quot;bt_bb_align_&quot;:{&quot;current_class&quot;:&quot;bt_bb_align_left&quot;,&quot;xxl&quot;:&quot;left&quot;,&quot;xl&quot;:&quot;left&quot;},&quot;bt_bb_padding_&quot;:{&quot;current_class&quot;:&quot;bt_bb_padding_0&quot;,&quot;xxl&quot;:&quot;0&quot;,&quot;xl&quot;:&quot;0&quot;}}\"><div class=\"bt_bb_column_content\" style=\"background-color:rgba(0,0,0,0.4);\"><div class=\"bt_bb_column_content_inner\"><div id=\"hm-svc-blk\" class=\"bt_bb_text\" ><h3 class=\"hm-cls-title services\">TYKY-tunnit<\/h3>\n<div class=\"hm-cls-text\">ovat loistava tapa irtautua ty\u00f6st\u00e4 ja ne antavat iloa ja energiaa pitk\u00e4ksi aikaa! Kysy tarjousta tyky-p\u00e4iville! Voitte valita haluamanne tanssitunnit ja ne voidaan j\u00e4rjest\u00e4\u00e4 joko studiollamme tai sovitusti toivomallanne paikalla matkakulut huomioiden.<\/div>\n<div class=\"hm-cls-link services\"><a href=\"mailto:studioreyniergomez@gmail.com\">Kysy lis\u00e4\u00e4! &gt;<\/a><\/div>\n<\/div><\/div><\/div><\/div><div id=\"services-page\" class=\"bt_bb_column col-xxl-4 col-xl-4 col-xs-12 col-sm-12 col-md-12 col-lg-4 bt_bb_vertical_align_top bt_bb_align_left bt_bb_column_background_image bt_bb_padding_0 bt_bb_animation_fade_in animate bt_bb_shape_inherit\" style=\"background-image:url(&#039;https:\/\/studioreyniergomez.com\/wp-content\/uploads\/2022\/11\/service_polttarit.jpg&#039;);\" data-width=\"4\" data-bt-override-class=\"{&quot;bt_bb_align_&quot;:{&quot;current_class&quot;:&quot;bt_bb_align_left&quot;,&quot;xxl&quot;:&quot;left&quot;,&quot;xl&quot;:&quot;left&quot;},&quot;bt_bb_padding_&quot;:{&quot;current_class&quot;:&quot;bt_bb_padding_0&quot;,&quot;xxl&quot;:&quot;0&quot;,&quot;xl&quot;:&quot;0&quot;}}\"><div class=\"bt_bb_column_content\" style=\"background-color:rgba(0,0,0,0.4);\"><div class=\"bt_bb_column_content_inner\"><div id=\"hm-svc-blk\" class=\"bt_bb_text\" ><h3 class=\"hm-cls-title services\">Polttarit<\/h3>\n<div class=\"hm-cls-text\">Haluatteko yll\u00e4tt\u00e4\u00e4 morsiamen ja sulhasen energisell\u00e4 ja unohtumattomalla tanssitunnilla? Tanssilaji- ja taso ovat sovittavissa, ja tunti voidaan j\u00e4rjest\u00e4\u00e4 studiolla tai sovitussa paikassa matkakuluja vastaan.<\/div>\n<div class=\"hm-cls-link services more-pad\"><a href=\"mailto:studioreyniergomez@gmail.com\">Kysy lis\u00e4\u00e4! &gt;<\/a><\/div>\n<\/div><\/div><\/div><\/div><div id=\"services-page\" class=\"bt_bb_column col-xxl-4 col-xl-4 col-xs-12 col-sm-12 col-md-12 col-lg-4 bt_bb_vertical_align_top bt_bb_align_left bt_bb_column_background_image bt_bb_padding_0 bt_bb_animation_fade_in animate bt_bb_shape_inherit\" style=\"background-image:url(&#039;https:\/\/studioreyniergomez.com\/wp-content\/uploads\/2022\/11\/service_muut.jpg&#039;);\" data-width=\"4\" data-bt-override-class=\"{&quot;bt_bb_align_&quot;:{&quot;current_class&quot;:&quot;bt_bb_align_left&quot;,&quot;xxl&quot;:&quot;left&quot;,&quot;xl&quot;:&quot;left&quot;},&quot;bt_bb_padding_&quot;:{&quot;current_class&quot;:&quot;bt_bb_padding_0&quot;,&quot;xxl&quot;:&quot;0&quot;,&quot;xl&quot;:&quot;0&quot;}}\"><div class=\"bt_bb_column_content\" style=\"background-color:rgba(0,0,0,0.4);\"><div class=\"bt_bb_column_content_inner\"><div id=\"hm-svc-blk\" class=\"bt_bb_text\" ><h3 class=\"hm-cls-title services\">Muut ryhm\u00e4t<\/h3>\n<div class=\"hm-cls-text\">Kysy lis\u00e4\u00e4 opetuksesta ryhmille! Reynierill\u00e4 on paljon kokemusta suurien ryhmien opettamisesta mm. Super-treeneist\u00e4 ja monissa opiskelijatapahtumissa eli isommillekin ryhmille opetus luonnistuu!<\/div>\n<div class=\"hm-cls-link services more-pad\"><a href=\"mailto:studioreyniergomez@gmail.com\">Kysy lis\u00e4\u00e4! &gt;<\/a><\/div>\n<\/div><\/div><\/div><\/div><\/div><\/div><div class=\"bt_bb_row_wrapper\"><div  class=\"bt_bb_row bt_bb_column_gap_0 bt_bb_shape_inherit\"  data-bt-override-class=\"{}\"><div data-bb-version=\"4.5.6\" id=\"services-page\" class=\"bt_bb_column col-xxl-4 col-xl-4 col-xs-12 col-sm-12 col-md-12 col-lg-4 bt_bb_vertical_align_top bt_bb_align_left bt_bb_column_background_image bt_bb_padding_0 bt_bb_animation_fade_in animate bt_bb_shape_inherit\" style=\"background-size: cover;background-image:url(&#039;https:\/\/studioreyniergomez.com\/wp-content\/uploads\/2024\/03\/DJ-EL-PUMA.png&#039;);\" data-width=\"4\" data-bt-override-class=\"{&quot;bt_bb_align_&quot;:{&quot;current_class&quot;:&quot;bt_bb_align_left&quot;,&quot;xxl&quot;:&quot;left&quot;},&quot;bt_bb_padding_&quot;:{&quot;current_class&quot;:&quot;bt_bb_padding_0&quot;,&quot;xxl&quot;:&quot;0&quot;}}\"><div class=\"bt_bb_column_content\"><div class=\"bt_bb_column_content_inner\"><div id=\"hm-svc-blk\" class=\"bt_bb_text\" ><h3 class=\"hm-cls-title services\">DJ El Puma<\/h3>\n<div class=\"hm-cls-text\">\n<div dir=\"auto\">\n<div dir=\"auto\">Tarvitsetko DJ tapahumaan tai juhliisi? Varmista parhaat lattari bileet ja tilaa DJ El Puma paikalle!<\/div>\n<\/div>\n<div dir=\"auto\">Salsa, bachata, afrobeat, merengue ja paljon muuta!<\/div>\n<div dir=\"auto\"><\/div>\n<\/div>\n<div class=\"hm-cls-link services\"><a href=\"mailto:studioreyniergomez@gmail.com\">Kysy lis\u00e4\u00e4! &gt;<\/a><\/div>\n<\/div><\/div><\/div><\/div><div id=\"services-page\" class=\"bt_bb_column col-xxl-4 col-xl-4 col-xs-12 col-sm-12 col-md-12 col-lg-4 bt_bb_vertical_align_top bt_bb_align_left bt_bb_column_background_image bt_bb_padding_0 bt_bb_animation_fade_in animate bt_bb_shape_inherit\" style=\"background-size: cover; background-position: 50% 350%; background-color: #BD1622;background-image:url(&#039;https:\/\/studioreyniergomez.com\/wp-content\/uploads\/2022\/11\/service_salivuokraus.jpg&#039;);\" data-width=\"4\" data-bt-override-class=\"{&quot;bt_bb_align_&quot;:{&quot;current_class&quot;:&quot;bt_bb_align_left&quot;,&quot;xxl&quot;:&quot;left&quot;,&quot;xl&quot;:&quot;left&quot;},&quot;bt_bb_padding_&quot;:{&quot;current_class&quot;:&quot;bt_bb_padding_0&quot;,&quot;xxl&quot;:&quot;0&quot;,&quot;xl&quot;:&quot;0&quot;}}\"><div class=\"bt_bb_column_content\" style=\"background-color:rgba(0,0,0,0.4);\"><div class=\"bt_bb_column_content_inner\"><div id=\"hm-svc-blk\" class=\"bt_bb_text\" ><h3 class=\"hm-cls-title services\">Salivuokraus<\/h3>\n<div class=\"hm-cls-text\">Haluaisitko harjoitella itseksesi, vuokrata salia ryhm\u00e4lle tai kenties ohjata omia tunteja? Kysy lis\u00e4\u00e4!<\/div>\n<div class=\"hm-cls-link services more-pad1\"><a href=\"mailto:studioreyniergomez@gmail.com\">Kysy lis\u00e4\u00e4! &gt;<\/a><\/div>\n<\/div><\/div><\/div><\/div><div id=\"services-page\" class=\"bt_bb_column col-xxl-4 col-xl-4 col-xs-12 col-sm-12 col-md-12 col-lg-4 bt_bb_vertical_align_top bt_bb_align_left bt_bb_column_background_image bt_bb_padding_0 bt_bb_animation_fade_in animate bt_bb_shape_inherit\" style=\"background-size: cover;background-image:url(&#039;https:\/\/studioreyniergomez.com\/wp-content\/uploads\/2022\/12\/tanssiesitykset.png&#039;);\" data-width=\"4\" data-bt-override-class=\"{&quot;bt_bb_align_&quot;:{&quot;current_class&quot;:&quot;bt_bb_align_left&quot;,&quot;xxl&quot;:&quot;left&quot;,&quot;xl&quot;:&quot;left&quot;},&quot;bt_bb_padding_&quot;:{&quot;current_class&quot;:&quot;bt_bb_padding_0&quot;,&quot;xxl&quot;:&quot;0&quot;,&quot;xl&quot;:&quot;0&quot;}}\"><div class=\"bt_bb_column_content\" style=\"background-color:rgba(0,0,0,0.4);\"><div class=\"bt_bb_column_content_inner\"><div id=\"hm-svc-blk\" class=\"bt_bb_text\" ><h3 class=\"hm-cls-title services\">Tanssiesitykset<\/h3>\n<div class=\"hm-cls-text\">The Gals Dance Crew on kokenut tanssiryhm\u00e4, joka esiintyy clubeilla, yksityisjuhlissa ja erilaisissa tapahtumissa. Tutustu ryhm\u00e4\u00e4n t\u00e4\u00e4lt\u00e4: Thegalsdancecrew<\/div>\n<div class=\"hm-cls-link services\"><a href=\"https:\/\/www.instagram.com\/thegalsdancecrew\/\" target=\"_blank\" rel=\"noopener\">Kysy lis\u00e4\u00e4! &gt;<\/a><\/div>\n<\/div><\/div><\/div><\/div><\/div><\/div><\/div><\/div><\/div><\/section><section id=\"yksityistunnit\" data-parallax=\"0.6\" data-parallax-offset=\"0\" data-background_image_src=\"'https:\/\/studioreyniergomez.com\/wp-content\/uploads\/2022\/10\/dance_bg.jpg'\" class=\"bt_bb_section bt_bb_color_scheme_1 bt_bb_layout_boxed_1200 bt_bb_vertical_align_top btLazyLoadBackground bt_bb_background_image bt_bb_parallax bt_bb_top_spacing_large bt_bb_bottom_spacing_large\" style=\"background-image:url(&#039;https:\/\/studioreyniergomez.com\/wp-content\/plugins\/bold-page-builder\/img\/blank.gif&#039;);; --section-primary-color:#ffffff; --section-secondary-color:#191919;\" data-bt-override-class=\"{&quot;bt_bb_top_spacing_&quot;:{&quot;current_class&quot;:&quot;bt_bb_top_spacing_large&quot;,&quot;xxl&quot;:&quot;large&quot;,&quot;xl&quot;:&quot;large&quot;},&quot;bt_bb_bottom_spacing_&quot;:{&quot;current_class&quot;:&quot;bt_bb_bottom_spacing_large&quot;,&quot;xxl&quot;:&quot;large&quot;,&quot;xl&quot;:&quot;large&quot;}}\"><div class=\"bt_bb_port\"><div class=\"bt_bb_cell\"><div class=\"bt_bb_cell_inner\"><div class=\"bt_bb_row_wrapper\"><div  class=\"bt_bb_row bt_bb_column_gap_0 bt_bb_shape_inherit\"  data-bt-override-class=\"{}\"><div  class=\"bt_bb_column col-xxl-12 col-xl-12 bt_bb_vertical_align_top bt_bb_align_right bt_bb_padding_20 bt_bb_animation_fade_in animate bt_bb_shape_inherit\"  data-width=\"12\" data-bt-override-class=\"{&quot;bt_bb_align_&quot;:{&quot;current_class&quot;:&quot;bt_bb_align_right&quot;,&quot;xxl&quot;:&quot;right&quot;,&quot;xl&quot;:&quot;right&quot;},&quot;bt_bb_padding_&quot;:{&quot;current_class&quot;:&quot;bt_bb_padding_20&quot;,&quot;xxl&quot;:&quot;20&quot;,&quot;xl&quot;:&quot;20&quot;}}\"><div class=\"bt_bb_column_content\"><div class=\"bt_bb_column_content_inner\"><header class=\"bt_bb_headline bt_bb_color_scheme_5 bt_bb_dash_none bt_bb_size_extralarge bt_bb_align_inherit\" style=\"; --primary-color:#191919; --secondary-color:#ff0000;;color:rgb(0,0,0);border-color:rgb(0,0,0);\" data-bt-override-class=\"{&quot;bt_bb_size_&quot;:{&quot;current_class&quot;:&quot;bt_bb_size_extralarge&quot;,&quot;xxl&quot;:&quot;extralarge&quot;,&quot;xl&quot;:&quot;extralarge&quot;},&quot;bt_bb_align_&quot;:{&quot;current_class&quot;:&quot;bt_bb_align_inherit&quot;,&quot;xxl&quot;:&quot;inherit&quot;,&quot;xl&quot;:&quot;inherit&quot;}}\"><h2 style=\"font-size:31px\" class=\"bt_bb_headline_tag\"><span class=\"bt_bb_headline_content\"><span>Yksityistuntien varaukset ja tiedustelut<\/span><\/span><\/h2><\/header><div class=\"bt_bb_separator bt_bb_border_style_none bt_bb_top_spacing_35 bt_bb_bottom_spacing_\" data-bt-override-class=\"{&quot;bt_bb_top_spacing_&quot;:{&quot;current_class&quot;:&quot;bt_bb_top_spacing_35&quot;,&quot;xxl&quot;:&quot;35&quot;,&quot;xl&quot;:&quot;35&quot;},&quot;bt_bb_bottom_spacing_&quot;:{&quot;current_class&quot;:&quot;bt_bb_bottom_spacing_&quot;,&quot;xxl&quot;:&quot;&quot;,&quot;xl&quot;:&quot;&quot;}}\"><\/div><header data-bb-version=\"4.5.6\" class=\"bt_bb_headline bt_bb_font_weight_normal bt_bb_subheadline_text_transform_default bt_bb_color_scheme_5 bt_bb_dash_none bt_bb_size_extralarge bt_bb_align_inherit\" style=\"; --primary-color:#191919; --secondary-color:#ff0000;;color:rgb(0,0,0);border-color:rgb(0,0,0);\" data-bt-override-class=\"{&quot;bt_bb_size_&quot;:{&quot;current_class&quot;:&quot;bt_bb_size_extralarge&quot;,&quot;xxl&quot;:&quot;extralarge&quot;},&quot;bt_bb_align_&quot;:{&quot;current_class&quot;:&quot;bt_bb_align_inherit&quot;,&quot;xxl&quot;:&quot;inherit&quot;}}\"><h3 style=\"font-size:21px\" class=\"bt_bb_headline_tag\"><span class=\"bt_bb_headline_content\"><span>Yksityistunnit ovat tehokas ja joustava tapa oppia<br \/>\r\nnopeasti tanssimaan tai hiomaan tekniikkaa.<br \/>\r\nYksityistunnille voit tulla yksin, tai parin kanssa tai<br \/>\r\nvaikka kaveriporukalla!<br \/>\r\n<br \/>\r\nOpetus sopii kaiken tasoisille tanssijoille ja opetus<br \/>\r\netenee aina yksil\u00f6llisesti huomioiden oppimistahdin<br \/>\r\nja toiveet.<br \/>\r\n<br \/>\r\nYksityistuntien hinta 90\u20ac\/h (soolo\/paritunti)<br \/>\r\n<br \/>\r\nRyhm\u00e4t 290\u20ac\/h (max 20hl\u00f6)<\/span><\/span><\/h3><\/header><div class=\"bt_bb_separator bt_bb_border_style_none bt_bb_top_spacing_35 bt_bb_bottom_spacing_\" data-bt-override-class=\"{&quot;bt_bb_top_spacing_&quot;:{&quot;current_class&quot;:&quot;bt_bb_top_spacing_35&quot;,&quot;xxl&quot;:&quot;35&quot;,&quot;xl&quot;:&quot;35&quot;},&quot;bt_bb_bottom_spacing_&quot;:{&quot;current_class&quot;:&quot;bt_bb_bottom_spacing_&quot;,&quot;xxl&quot;:&quot;&quot;,&quot;xl&quot;:&quot;&quot;}}\"><\/div><div class=\"bt_bb_button bt_bb_color_scheme_6 bt_bb_icon_position_left bt_bb_style_filled bt_bb_size_medium bt_bb_width_inline bt_bb_shape_inherit bt_bb_target_self bt_bb_font_weight_normal bt_bb_align_inherit\" style=\"; --primary-color:#ffffff; --secondary-color:#ff0000;\" data-bt-override-class=\"{&quot;bt_bb_size_&quot;:{&quot;current_class&quot;:&quot;bt_bb_size_medium&quot;,&quot;xxl&quot;:&quot;medium&quot;,&quot;xl&quot;:&quot;medium&quot;},&quot;bt_bb_align_&quot;:{&quot;current_class&quot;:&quot;bt_bb_align_inherit&quot;,&quot;xxl&quot;:&quot;inherit&quot;,&quot;xl&quot;:&quot;inherit&quot;}}\"><a href=\"https:\/\/studioreyniergomez.com\/en\/ota-yhteytta\/\" target=\"_self\" class=\"bt_bb_link\" title=\"Ota meihin yhteytt\u00e4\"><span class=\"bt_bb_button_text\" >Ota meihin yhteytt\u00e4<\/span><\/a><\/div><\/div><\/div><\/div><\/div><\/div><\/div><\/div><\/div><\/section>","protected":false},"excerpt":{"rendered":"","protected":false},"author":1,"featured_media":0,"parent":0,"menu_order":0,"comment_status":"closed","ping_status":"closed","template":"","meta":{"om_disable_all_campaigns":false,"_monsterinsights_skip_tracking":false,"_monsterinsights_sitenote_active":false,"_monsterinsights_sitenote_note":"","_monsterinsights_sitenote_category":0,"footnotes":""},"class_list":["post-3562","page","type-page","status-publish","hentry"],"aioseo_notices":[],"yoast_head":"<!-- This site is optimized with the Yoast SEO plugin v20.9 - https:\/\/yoast.com\/wordpress\/plugins\/seo\/ -->\n<title>Palvelut - Tanssikoulu Studio Reynier G\u00f3mez<\/title>\n<meta name=\"robots\" content=\"index, follow, max-snippet:-1, max-image-preview:large, max-video-preview:-1\" \/>\n<link rel=\"canonical\" href=\"https:\/\/studioreyniergomez.com\/en\/palvelut\/\" \/>\n<meta property=\"og:locale\" content=\"en_US\" \/>\n<meta property=\"og:type\" content=\"article\" \/>\n<meta property=\"og:title\" content=\"Palvelut - Tanssikoulu Studio Reynier G\u00f3mez\" \/>\n<meta property=\"og:url\" content=\"https:\/\/studioreyniergomez.com\/en\/palvelut\/\" \/>\n<meta property=\"og:site_name\" content=\"Tanssikoulu Studio Reynier G\u00f3mez\" \/>\n<meta property=\"article:publisher\" content=\"https:\/\/www.facebook.com\/1533636103629643\" \/>\n<meta property=\"article:modified_time\" content=\"2026-01-26T06:07:17+00:00\" \/>\n<meta name=\"twitter:card\" content=\"summary_large_image\" \/>\n<meta name=\"twitter:label1\" content=\"Est. reading time\" \/>\n\t<meta name=\"twitter:data1\" content=\"6 minutes\" \/>\n<script type=\"application\/ld+json\" class=\"yoast-schema-graph\">{\"@context\":\"https:\/\/schema.org\",\"@graph\":[{\"@type\":\"WebPage\",\"@id\":\"https:\/\/studioreyniergomez.com\/palvelut\/\",\"url\":\"https:\/\/studioreyniergomez.com\/palvelut\/\",\"name\":\"Palvelut - Tanssikoulu Studio Reynier G\u00f3mez\",\"isPartOf\":{\"@id\":\"https:\/\/studioreyniergomez.com\/#website\"},\"datePublished\":\"2022-10-20T18:33:41+00:00\",\"dateModified\":\"2026-01-26T06:07:17+00:00\",\"breadcrumb\":{\"@id\":\"https:\/\/studioreyniergomez.com\/palvelut\/#breadcrumb\"},\"inLanguage\":\"en-US\",\"potentialAction\":[{\"@type\":\"ReadAction\",\"target\":[\"https:\/\/studioreyniergomez.com\/palvelut\/\"]}]},{\"@type\":\"BreadcrumbList\",\"@id\":\"https:\/\/studioreyniergomez.com\/palvelut\/#breadcrumb\",\"itemListElement\":[{\"@type\":\"ListItem\",\"position\":1,\"name\":\"Etusivu\",\"item\":\"https:\/\/studioreyniergomez.com\/\"},{\"@type\":\"ListItem\",\"position\":2,\"name\":\"Palvelut\"}]},{\"@type\":\"WebSite\",\"@id\":\"https:\/\/studioreyniergomez.com\/#website\",\"url\":\"https:\/\/studioreyniergomez.com\/\",\"name\":\"Tanssikoulu Studio Reynier G\u00f3mez\",\"description\":\"Kuubalaisia tansseja ja aurinkoista menoa osoitteessa Brahenkatu 12 sis\u00e4piha!\",\"publisher\":{\"@id\":\"https:\/\/studioreyniergomez.com\/#organization\"},\"potentialAction\":[{\"@type\":\"SearchAction\",\"target\":{\"@type\":\"EntryPoint\",\"urlTemplate\":\"https:\/\/studioreyniergomez.com\/?s={search_term_string}\"},\"query-input\":\"required name=search_term_string\"}],\"inLanguage\":\"en-US\"},{\"@type\":\"Organization\",\"@id\":\"https:\/\/studioreyniergomez.com\/#organization\",\"name\":\"Studio Reynier G\u00f3mez\",\"url\":\"https:\/\/studioreyniergomez.com\/\",\"logo\":{\"@type\":\"ImageObject\",\"inLanguage\":\"en-US\",\"@id\":\"https:\/\/studioreyniergomez.com\/#\/schema\/logo\/image\/\",\"url\":\"https:\/\/reyniergomez.stmatthewsglenview.co.zw\/wp-content\/uploads\/2022\/11\/logo_srg.png\",\"contentUrl\":\"https:\/\/reyniergomez.stmatthewsglenview.co.zw\/wp-content\/uploads\/2022\/11\/logo_srg.png\",\"width\":300,\"height\":300,\"caption\":\"Studio Reynier G\u00f3mez\"},\"image\":{\"@id\":\"https:\/\/studioreyniergomez.com\/#\/schema\/logo\/image\/\"},\"sameAs\":[\"https:\/\/www.facebook.com\/1533636103629643\",\"https:\/\/www.youtube.com\/@reypumarex\"]}]}<\/script>\n<!-- \/ Yoast SEO plugin. -->","yoast_head_json":{"title":"Palvelut - Tanssikoulu Studio Reynier G\u00f3mez","robots":{"index":"index","follow":"follow","max-snippet":"max-snippet:-1","max-image-preview":"max-image-preview:large","max-video-preview":"max-video-preview:-1"},"canonical":"https:\/\/studioreyniergomez.com\/en\/palvelut\/","og_locale":"en_US","og_type":"article","og_title":"Palvelut - Tanssikoulu Studio Reynier G\u00f3mez","og_url":"https:\/\/studioreyniergomez.com\/en\/palvelut\/","og_site_name":"Tanssikoulu Studio Reynier G\u00f3mez","article_publisher":"https:\/\/www.facebook.com\/1533636103629643","article_modified_time":"2026-01-26T06:07:17+00:00","twitter_card":"summary_large_image","twitter_misc":{"Est. reading time":"6 minutes"},"schema":{"@context":"https:\/\/schema.org","@graph":[{"@type":"WebPage","@id":"https:\/\/studioreyniergomez.com\/palvelut\/","url":"https:\/\/studioreyniergomez.com\/palvelut\/","name":"Palvelut - Tanssikoulu Studio Reynier G\u00f3mez","isPartOf":{"@id":"https:\/\/studioreyniergomez.com\/#website"},"datePublished":"2022-10-20T18:33:41+00:00","dateModified":"2026-01-26T06:07:17+00:00","breadcrumb":{"@id":"https:\/\/studioreyniergomez.com\/palvelut\/#breadcrumb"},"inLanguage":"en-US","potentialAction":[{"@type":"ReadAction","target":["https:\/\/studioreyniergomez.com\/palvelut\/"]}]},{"@type":"BreadcrumbList","@id":"https:\/\/studioreyniergomez.com\/palvelut\/#breadcrumb","itemListElement":[{"@type":"ListItem","position":1,"name":"Etusivu","item":"https:\/\/studioreyniergomez.com\/"},{"@type":"ListItem","position":2,"name":"Palvelut"}]},{"@type":"WebSite","@id":"https:\/\/studioreyniergomez.com\/#website","url":"https:\/\/studioreyniergomez.com\/","name":"Tanssikoulu Studio Reynier G\u00f3mez","description":"Kuubalaisia tansseja ja aurinkoista menoa osoitteessa Brahenkatu 12 sis\u00e4piha!","publisher":{"@id":"https:\/\/studioreyniergomez.com\/#organization"},"potentialAction":[{"@type":"SearchAction","target":{"@type":"EntryPoint","urlTemplate":"https:\/\/studioreyniergomez.com\/?s={search_term_string}"},"query-input":"required name=search_term_string"}],"inLanguage":"en-US"},{"@type":"Organization","@id":"https:\/\/studioreyniergomez.com\/#organization","name":"Studio Reynier G\u00f3mez","url":"https:\/\/studioreyniergomez.com\/","logo":{"@type":"ImageObject","inLanguage":"en-US","@id":"https:\/\/studioreyniergomez.com\/#\/schema\/logo\/image\/","url":"https:\/\/reyniergomez.stmatthewsglenview.co.zw\/wp-content\/uploads\/2022\/11\/logo_srg.png","contentUrl":"https:\/\/reyniergomez.stmatthewsglenview.co.zw\/wp-content\/uploads\/2022\/11\/logo_srg.png","width":300,"height":300,"caption":"Studio Reynier G\u00f3mez"},"image":{"@id":"https:\/\/studioreyniergomez.com\/#\/schema\/logo\/image\/"},"sameAs":["https:\/\/www.facebook.com\/1533636103629643","https:\/\/www.youtube.com\/@reypumarex"]}]}},"_links":{"self":[{"href":"https:\/\/studioreyniergomez.com\/en\/wp-json\/wp\/v2\/pages\/3562","targetHints":{"allow":["GET"]}}],"collection":[{"href":"https:\/\/studioreyniergomez.com\/en\/wp-json\/wp\/v2\/pages"}],"about":[{"href":"https:\/\/studioreyniergomez.com\/en\/wp-json\/wp\/v2\/types\/page"}],"author":[{"embeddable":true,"href":"https:\/\/studioreyniergomez.com\/en\/wp-json\/wp\/v2\/users\/1"}],"replies":[{"embeddable":true,"href":"https:\/\/studioreyniergomez.com\/en\/wp-json\/wp\/v2\/comments?post=3562"}],"version-history":[{"count":95,"href":"https:\/\/studioreyniergomez.com\/en\/wp-json\/wp\/v2\/pages\/3562\/revisions"}],"predecessor-version":[{"id":5699,"href":"https:\/\/studioreyniergomez.com\/en\/wp-json\/wp\/v2\/pages\/3562\/revisions\/5699"}],"wp:attachment":[{"href":"https:\/\/studioreyniergomez.com\/en\/wp-json\/wp\/v2\/media?parent=3562"}],"curies":[{"name":"wp","href":"https:\/\/api.w.org\/{rel}","templated":true}]}}