{"id":4246,"date":"2022-12-05T12:33:14","date_gmt":"2022-12-05T10:33:14","guid":{"rendered":"http:\/\/stmatthewsglenview.co.zw\/gomez\/?page_id=4246"},"modified":"2025-08-10T21:42:18","modified_gmt":"2025-08-10T18:42:18","slug":"ota-yhteytta","status":"publish","type":"page","link":"https:\/\/studioreyniergomez.com\/en\/ota-yhteytta\/","title":{"rendered":"Ota yhteytt\u00e4"},"content":{"rendered":"<section id=\"bt_bb_section69d4506130e24\" data-parallax=\"0.7\" data-parallax-offset=\"150\" class=\"bt_bb_section bt_bb_layout_boxed_1200 bt_bb_full_screen bt_bb_vertical_align_middle bt_bb_background_image bt_bb_parallax bt_bb_top_spacing_extra_large bt_bb_bottom_spacing_extra_large\" style=\"background-image:url(&#039;https:\/\/studioreyniergomez.com\/wp-content\/uploads\/2022\/12\/ota-yhteytta.jpeg&#039;);\" data-bt-override-class=\"{&quot;bt_bb_top_spacing_&quot;:{&quot;current_class&quot;:&quot;bt_bb_top_spacing_extra_large&quot;,&quot;xxl&quot;:&quot;extra_large&quot;,&quot;xl&quot;:&quot;extra_large&quot;},&quot;bt_bb_bottom_spacing_&quot;:{&quot;current_class&quot;:&quot;bt_bb_bottom_spacing_extra_large&quot;,&quot;xxl&quot;:&quot;extra_large&quot;,&quot;xl&quot;:&quot;extra_large&quot;}}\"><div class=\"bt_bb_port\"><div class=\"bt_bb_cell\"><div class=\"bt_bb_cell_inner\"><div class=\"bt_bb_row_wrapper\"><div  class=\"bt_bb_row\"  data-bt-override-class=\"{}\"><div  class=\"bt_bb_column col-xxl-12 col-xl-12 col-xs-12 col-sm-12 col-md-12 col-lg-12 bt_bb_vertical_align_top bt_bb_align_left bt_bb_padding_normal bt_bb_animation_fade_in animate\"  data-width=\"12\" data-bt-override-class=\"{}\"><div class=\"bt_bb_column_content\"><div class=\"bt_bb_column_content_inner\"><\/div><\/div><\/div><\/div><\/div><\/div><\/div><\/div><\/section><section id=\"bt_bb_section69d4506130f55\"  class=\"bt_bb_section bt_bb_layout_boxed_1200 bt_bb_vertical_align_top bt_bb_top_spacing_60 bt_bb_bottom_spacing_60\" style=\";background-color:rgb(255,255,255);\" data-bt-override-class=\"{&quot;bt_bb_top_spacing_&quot;:{&quot;current_class&quot;:&quot;bt_bb_top_spacing_60&quot;,&quot;xxl&quot;:&quot;60&quot;,&quot;xl&quot;:&quot;60&quot;},&quot;bt_bb_bottom_spacing_&quot;:{&quot;current_class&quot;:&quot;bt_bb_bottom_spacing_60&quot;,&quot;xxl&quot;:&quot;60&quot;,&quot;xl&quot;:&quot;60&quot;}}\"><div class=\"bt_bb_port\"><div class=\"bt_bb_cell\"><div class=\"bt_bb_cell_inner\"><div class=\"bt_bb_row_wrapper\"><div  class=\"bt_bb_row bt_bb_column_gap_25\"  data-bt-override-class=\"{}\"><div  class=\"bt_bb_column col-xxl-12 col-xl-12 col-xs-12 col-sm-12 col-md-12 col-lg-12 bt_bb_vertical_align_middle bt_bb_align_center bt_bb_padding_normal bt_bb_animation_fade_in animate bt_bb_shape_inherit\"  data-width=\"12\" data-bt-override-class=\"{&quot;bt_bb_align_&quot;:{&quot;current_class&quot;:&quot;bt_bb_align_center&quot;,&quot;xxl&quot;:&quot;center&quot;,&quot;xl&quot;:&quot;center&quot;},&quot;bt_bb_padding_&quot;:{&quot;current_class&quot;:&quot;bt_bb_padding_normal&quot;,&quot;xxl&quot;:&quot;normal&quot;,&quot;xl&quot;:&quot;normal&quot;}}\"><div class=\"bt_bb_column_content\"><div class=\"bt_bb_column_content_inner\"><header class=\"bt_bb_headline bt_bb_font_weight_black bt_bb_subheadline_text_transform_default bt_bb_color_scheme_5 bt_bb_dash_none bt_bb_size_extralarge bt_bb_align_inherit\" style=\"; --primary-color:#191919; --secondary-color:#ff0000;;color:rgb(0,0,0);border-color:rgb(0,0,0);\" data-bt-override-class=\"{&quot;bt_bb_size_&quot;:{&quot;current_class&quot;:&quot;bt_bb_size_extralarge&quot;,&quot;xxl&quot;:&quot;extralarge&quot;,&quot;xl&quot;:&quot;extralarge&quot;},&quot;bt_bb_align_&quot;:{&quot;current_class&quot;:&quot;bt_bb_align_inherit&quot;,&quot;xxl&quot;:&quot;inherit&quot;,&quot;xl&quot;:&quot;inherit&quot;}}\"><h1 style=\"font-size:40px\" class=\"bt_bb_headline_tag\"><span class=\"bt_bb_headline_content\"><span>Ota yhteytt\u00e4!<\/span><\/span><\/h1><\/header><\/div><\/div><\/div><\/div><\/div><\/div><\/div><\/div><\/section><section id=\"bt_bb_section69d4506131097\"  class=\"bt_bb_section bt_bb_layout_boxed_1200 bt_bb_vertical_align_top bt_bb_top_spacing_small bt_bb_bottom_spacing_normal\"  data-bt-override-class=\"{&quot;bt_bb_top_spacing_&quot;:{&quot;current_class&quot;:&quot;bt_bb_top_spacing_small&quot;,&quot;xxl&quot;:&quot;small&quot;,&quot;xl&quot;:&quot;small&quot;},&quot;bt_bb_bottom_spacing_&quot;:{&quot;current_class&quot;:&quot;bt_bb_bottom_spacing_normal&quot;,&quot;xxl&quot;:&quot;normal&quot;,&quot;xl&quot;:&quot;normal&quot;}}\"><div class=\"bt_bb_port\"><div class=\"bt_bb_cell\"><div class=\"bt_bb_cell_inner\"><div class=\"bt_bb_row_wrapper\"><div  class=\"bt_bb_row\"  data-bt-override-class=\"{}\"><div  class=\"bt_bb_column col-xxl-6 col-xl-6 btLimitOneColumn bt_bb_vertical_align_top bt_bb_align_left bt_bb_padding_double bt_bb_animation_fade_in animate bt_bb_shape_inherit\"  data-width=\"6\" data-bt-override-class=\"{}\"><div class=\"bt_bb_column_content\"><div class=\"bt_bb_column_content_inner\"><div class=\"bt_bb_service bt_bb_color_scheme_3 bt_bb_style_borderless bt_bb_shape_circle bt_bb_size_xsmall bt_bb_shape_circle bt_bb_align_left\" style=\"font-size: 19px;; --service-primary-color:#ff0000; --service-secondary-color:#191919;\" data-bt-override-class=\"{&quot;bt_bb_size_&quot;:{&quot;current_class&quot;:&quot;bt_bb_size_xsmall&quot;,&quot;xxl&quot;:&quot;xsmall&quot;,&quot;xl&quot;:&quot;xsmall&quot;},&quot;bt_bb_align_&quot;:{&quot;current_class&quot;:&quot;bt_bb_align_left&quot;,&quot;xxl&quot;:&quot;left&quot;,&quot;xl&quot;:&quot;left&quot;}}\"><a href=\"tel: 358409615022\" target=\"_self\"  title=\"_self\"  data-ico-fontawesome=\"&#xf095;\" class=\"bt_bb_icon_holder\"><\/a><div class=\"bt_bb_service_content\"><div class=\"bt_bb_service_content_title\"><a href=\"tel: 358409615022\" target=\"_self\"><\/a><\/div><div class=\"bt_bb_service_content_text\">+358 40961 5022<\/div><\/div><\/div><div class=\"bt_bb_service bt_bb_color_scheme_3 bt_bb_style_borderless bt_bb_shape_circle bt_bb_size_xsmall bt_bb_shape_circle bt_bb_align_left\" style=\"font-size: 19px;; --service-primary-color:#ff0000; --service-secondary-color:#191919;\" data-bt-override-class=\"{&quot;bt_bb_size_&quot;:{&quot;current_class&quot;:&quot;bt_bb_size_xsmall&quot;,&quot;xxl&quot;:&quot;xsmall&quot;,&quot;xl&quot;:&quot;xsmall&quot;},&quot;bt_bb_align_&quot;:{&quot;current_class&quot;:&quot;bt_bb_align_left&quot;,&quot;xxl&quot;:&quot;left&quot;,&quot;xl&quot;:&quot;left&quot;}}\"><a href=\"mailto:info@studioreyniergomez.fi\" target=\"_self\"  title=\"_self\"  data-ico-fontawesome=\"&#xf003;\" class=\"bt_bb_icon_holder\"><\/a><div class=\"bt_bb_service_content\"><div class=\"bt_bb_service_content_title\"><a href=\"mailto:info@studioreyniergomez.fi\" target=\"_self\"><\/a><\/div><div class=\"bt_bb_service_content_text\">studioreyniergomez@gmail.com<\/div><\/div><\/div><div data-bb-version=\"4.5.6\" id=\"contact_address_google\" class=\"bt_bb_service bt_bb_color_scheme_3 bt_bb_style_borderless bt_bb_shape_circle bt_bb_size_xsmall bt_bb_shape_circle bt_bb_align_left\" style=\"font-size: 19px;; --service-primary-color:#ff0000; --service-secondary-color:#191919;\" data-bt-override-class=\"{&quot;bt_bb_size_&quot;:{&quot;current_class&quot;:&quot;bt_bb_size_xsmall&quot;,&quot;xxl&quot;:&quot;xsmall&quot;},&quot;bt_bb_align_&quot;:{&quot;current_class&quot;:&quot;bt_bb_align_left&quot;,&quot;xxl&quot;:&quot;left&quot;}}\"><a href=\"https:\/\/www.google.com\/maps\/place\/Brahenkatu+12,+20100+Turku,+Finland\/@60.454006,22.268264,16z\/data=!4m6!3m5!1s0x468c76f9f0e28179:0x7902c6e3233da717!8m2!3d60.4540062!4d22.2682637!16s%2Fg%2F11c21x7tyc?hl=en\" target=\"_self\"  title=\"_blank\"  data-ico-dripicons=\"&#xe970;\" class=\"bt_bb_icon_holder\"><\/a><div class=\"bt_bb_service_content\"><div class=\"bt_bb_service_content_title\"><a href=\"https:\/\/www.google.com\/maps\/place\/Brahenkatu+12,+20100+Turku,+Finland\/@60.454006,22.268264,16z\/data=!4m6!3m5!1s0x468c76f9f0e28179:0x7902c6e3233da717!8m2!3d60.4540062!4d22.2682637!16s%2Fg%2F11c21x7tyc?hl=en\" target=\"_blank\">Brahenkatu 12, sis\u00e4\u00e4nk\u00e4ynti sis\u00e4pihan kautta<\/a><\/div><\/div><\/div><\/div><\/div><\/div><div  class=\"bt_bb_column col-xxl-6 col-xl-6 bt_bb_vertical_align_top bt_bb_align_left bt_bb_padding_normal bt_bb_animation_fade_in animate bt_bb_shape_inherit\"  data-width=\"6\" data-bt-override-class=\"{}\"><div class=\"bt_bb_column_content\"><div class=\"bt_bb_column_content_inner\"><div class=\"bt_bb_row_wrapper\"><div  class=\"bt_bb_row_inner bt_bb_shape_inherit\"  data-bt-override-class=\"{}\"><div  class=\"bt_bb_column_inner col-xxl-6 col-xl-6 col-xs-12 col-sm-6 col-md-6 col-lg-6 bt_bb_align_left bt_bb_vertical_align_top bt_bb_shape_inherit\"  data-width=\"6\" data-bt-override-class=\"{}\"><div class=\"bt_bb_column_inner_content\"><header class=\"bt_bb_headline bt_bb_color_scheme_5 bt_bb_dash_none bt_bb_size_extralarge bt_bb_align_inherit\" style=\"margin-bottom: 1.5em;; --primary-color:#191919; --secondary-color:#ff0000;;color:rgb(255,0,0);border-color:rgb(255,0,0);\" data-bt-override-class=\"{&quot;bt_bb_size_&quot;:{&quot;current_class&quot;:&quot;bt_bb_size_extralarge&quot;,&quot;xxl&quot;:&quot;extralarge&quot;,&quot;xl&quot;:&quot;extralarge&quot;},&quot;bt_bb_align_&quot;:{&quot;current_class&quot;:&quot;bt_bb_align_inherit&quot;,&quot;xxl&quot;:&quot;inherit&quot;,&quot;xl&quot;:&quot;inherit&quot;}}\"><h2 style=\"font-size:26px\" class=\"bt_bb_headline_tag\"><span class=\"bt_bb_headline_content\"><span>Avoinna<\/span><\/span><\/h2><\/header><div  class=\"bt_bb_text bt_bb_hidden_xs bt_bb_hidden_ms\" ><div style=\"font-size: 21px;\">\n<p class=\"p1 con\"><span class=\"s1\">maanantaisin<\/span><\/p>\n<p class=\"p1 con\"><span class=\"s1\">tiistaisin<\/span><\/p>\n<p class=\"p1 con\"><span class=\"s1\">keskiviikkoisin<\/span><\/p>\n<p class=\"p1 con\"><span class=\"s1\">torstaisin<\/span><\/p>\n<p class=\"p1 con\"><span class=\"s1\">sunnuntaisin<\/span><\/p>\n<\/div>\n<\/div><div  class=\"bt_bb_text bt_bb_hidden_sm bt_bb_hidden_md bt_bb_hidden_lg\" ><div style=\"font-size: 18px; color: #000;\">\n<p class=\"p1\"><span class=\"s1\">maanantaisin<\/span> <span class=\"p1-mobile\">17.00 \u2013 21.30<\/span><\/p>\n<p class=\"p1\"><span class=\"s1\">tiistaisin<\/span> <span class=\"p1-mobile\">17.00 \u2013 20.30<\/span><\/p>\n<p class=\"p1\"><span class=\"s1\">torstaisin<\/span> <span class=\"p1-mobile\">17.00 \u2013 21.30<\/span><\/p>\n<p class=\"p1\"><span class=\"s1\">sunnuntaisin<\/span> <span class=\"p1-mobile\">16.45 \u2013 20.00<\/span><\/p>\n<\/div>\n<\/div><\/div><\/div><div  class=\"bt_bb_column_inner col-xxl-6 col-xl-6 col-xs-12 col-sm-6 col-md-6 col-lg-6 bt_bb_align_left bt_bb_vertical_align_top bt_bb_shape_inherit\"  data-width=\"6\" data-bt-override-class=\"{}\"><div class=\"bt_bb_column_inner_content\"><div class=\"bt_bb_icon bt_bb_style_filled bt_bb_size_normal bt_bb_shape_circle bt_bb_target_self bt_bb_text_empty bt_bb_align_inherit bt_bb_hidden_xs bt_bb_hidden_ms\" style=\"float: none; margin: -1em 0 0.67em 0; font-size: 1.6rem;\" data-bt-override-class=\"{&quot;bt_bb_size_&quot;:{&quot;current_class&quot;:&quot;bt_bb_size_normal&quot;,&quot;xxl&quot;:&quot;normal&quot;,&quot;xl&quot;:&quot;normal&quot;},&quot;bt_bb_align_&quot;:{&quot;current_class&quot;:&quot;bt_bb_align_inherit&quot;,&quot;xxl&quot;:&quot;inherit&quot;,&quot;xl&quot;:&quot;inherit&quot;}}\"><span  data-ico-fontawesome5solid=\"&#xf017;\" class=\"bt_bb_icon_holder\"><\/span><\/div><div  class=\"bt_bb_text bt_bb_hidden_xs bt_bb_hidden_ms\" ><div style=\"font-size: 21px;\">\n<p class=\"p1\"><span class=\"s1\">maanantaisin<\/span> <span class=\"p1-mobile\">17.00 \u2013 21.30<\/span><\/p>\n<p class=\"p1\"><span class=\"s1\">tiistaisin<\/span> <span class=\"p1-mobile\">17.00 \u2013 20.30<\/span><\/p>\n<p class=\"p1\"><span class=\"s1\">torstaisin<\/span> <span class=\"p1-mobile\">17.00 \u2013 21.30<\/span><\/p>\n<p class=\"p1\"><span class=\"s1\">sunnuntaisin<\/span> <span class=\"p1-mobile\">16.45 \u2013 20.00<\/span><\/p>\n<\/div>\n<\/div><\/div><\/div><\/div><\/div><div  class=\"bt_bb_text\" ><div style=\"font-size: 19px; color: #000;\">Huom! Tarkista tuntiaikataulut erikseen <a style=\"color: red !important;\" href=\"https:\/\/studioreyniergomez.com\/wp-content\/uploads\/2025\/06\/Syksyn-aikataulu-2025.jpg\" target=\"_blank\" rel=\"noopener\">t\u00e4st\u00e4<\/a> aikataulusta.<\/div>\n<\/div><\/div><\/div><\/div><\/div><\/div><\/div><\/div><\/div><\/section><section id=\"bt_bb_section69d45061316c7\"  class=\"bt_bb_section bt_bb_layout_boxed_1200 bt_bb_vertical_align_top bt_bb_bottom_spacing_large\"  data-bt-override-class=\"null\"><div class=\"bt_bb_port\"><div class=\"bt_bb_cell\"><div class=\"bt_bb_cell_inner\"><div class=\"bt_bb_row_wrapper\"><div  class=\"bt_bb_row bt_bb_shape_inherit\"  data-bt-override-class=\"{}\"><div  class=\"bt_bb_column col-xxl-12 col-xl-12 bt_bb_vertical_align_top bt_bb_align_left bt_bb_padding_normal bt_bb_shape_inherit\"  data-width=\"12\" data-bt-override-class=\"{}\"><div class=\"bt_bb_column_content\"><div class=\"bt_bb_column_content_inner\"><div  class=\"bt_bb_text\" ><p><iframe loading=\"lazy\" style=\"border: 0;\" src=\"https:\/\/www.google.com\/maps\/embed?pb=!1m18!1m12!1m3!1d1967.4674871741158!2d22.264036526128976!3d60.45400613310382!2m3!1f0!2f0!3f0!3m2!1i1024!2i768!4f13.1!3m3!1m2!1s0x468c76f9f0e28179%3A0x7902c6e3233da717!2sBrahenkatu%2012%2C%2020100%20Turku%2C%20Finland!5e0!3m2!1sen!2szw!4v1670283349768!5m2!1sen!2szw\" width=\"100%\" height=\"500\" allowfullscreen=\"allowfullscreen\"><\/iframe><\/p>\n<\/div><\/div><\/div><\/div><\/div><\/div><\/div><\/div><\/div><\/section><section id=\"yksityistunnit\"  class=\"bt_bb_section bt_bb_layout_boxed_1200 bt_bb_vertical_align_top bt_bb_top_spacing_80 bt_bb_bottom_spacing_80\" style=\";background-color:rgb(255,0,0);\" data-bt-override-class=\"{&quot;bt_bb_top_spacing_&quot;:{&quot;current_class&quot;:&quot;bt_bb_top_spacing_80&quot;,&quot;xxl&quot;:&quot;80&quot;,&quot;xl&quot;:&quot;80&quot;},&quot;bt_bb_bottom_spacing_&quot;:{&quot;current_class&quot;:&quot;bt_bb_bottom_spacing_80&quot;,&quot;xxl&quot;:&quot;80&quot;,&quot;xl&quot;:&quot;80&quot;}}\"><div class=\"bt_bb_port\"><div class=\"bt_bb_cell\"><div class=\"bt_bb_cell_inner\"><div class=\"bt_bb_row_wrapper\"><div  class=\"bt_bb_row bt_bb_column_gap_0 bt_bb_shape_inherit\"  data-bt-override-class=\"{}\"><div  class=\"bt_bb_column col-xxl-6 col-xl-6 col-xs-12 col-sm-6 col-md-6 col-lg-6 bt_bb_vertical_align_top bt_bb_align_left bt_bb_padding_normal bt_bb_animation_fade_in animate bt_bb_shape_inherit\"  data-width=\"6\" data-bt-override-class=\"{&quot;bt_bb_align_&quot;:{&quot;current_class&quot;:&quot;bt_bb_align_left&quot;,&quot;xxl&quot;:&quot;left&quot;,&quot;xl&quot;:&quot;left&quot;},&quot;bt_bb_padding_&quot;:{&quot;current_class&quot;:&quot;bt_bb_padding_normal&quot;,&quot;xxl&quot;:&quot;normal&quot;,&quot;xl&quot;:&quot;normal&quot;}}\"><div class=\"bt_bb_column_content\"><div class=\"bt_bb_column_content_inner\"><header class=\"bt_bb_headline bt_bb_color_scheme_5 bt_bb_dash_none bt_bb_size_extralarge bt_bb_align_inherit\" style=\"; --primary-color:#191919; --secondary-color:#ff0000;;color:rgb(255,255,255);border-color:rgb(255,255,255);\" data-bt-override-class=\"{&quot;bt_bb_size_&quot;:{&quot;current_class&quot;:&quot;bt_bb_size_extralarge&quot;,&quot;xxl&quot;:&quot;extralarge&quot;,&quot;xl&quot;:&quot;extralarge&quot;},&quot;bt_bb_align_&quot;:{&quot;current_class&quot;:&quot;bt_bb_align_inherit&quot;,&quot;xxl&quot;:&quot;inherit&quot;,&quot;xl&quot;:&quot;inherit&quot;}}\"><h2 style=\"font-size:31px\" class=\"bt_bb_headline_tag\"><span class=\"bt_bb_headline_content\"><span>Tutustu t\u00e4\u00e4lt\u00e4 aikatauluumme!<\/span><\/span><\/h2><\/header><\/div><\/div><\/div><div  class=\"bt_bb_column col-xxl-6 col-xl-6 col-xs-12 col-sm-6 col-md-6 col-lg-6 bt_bb_vertical_align_top bt_bb_align_right bt_bb_padding_normal bt_bb_animation_fade_in animate bt_bb_shape_inherit\"  data-width=\"6\" data-bt-override-class=\"{&quot;bt_bb_align_&quot;:{&quot;current_class&quot;:&quot;bt_bb_align_right&quot;,&quot;xxl&quot;:&quot;right&quot;,&quot;xl&quot;:&quot;right&quot;},&quot;bt_bb_padding_&quot;:{&quot;current_class&quot;:&quot;bt_bb_padding_normal&quot;,&quot;xxl&quot;:&quot;normal&quot;,&quot;xl&quot;:&quot;normal&quot;}}\"><div class=\"bt_bb_column_content\"><div class=\"bt_bb_column_content_inner\"><div data-bb-version=\"4.5.6\" id=\"soittaa\" class=\"bt_bb_button bt_bb_color_scheme_6 bt_bb_icon_position_left bt_bb_style_filled bt_bb_size_medium bt_bb_width_inline bt_bb_shape_inherit bt_bb_target_self bt_bb_font_weight_normal bt_bb_text_transform_inherit bt_bb_align_inherit\" style=\"; --primary-color:#ffffff; --secondary-color:#ff0000;\" data-bt-override-class=\"{&quot;bt_bb_size_&quot;:{&quot;current_class&quot;:&quot;bt_bb_size_medium&quot;,&quot;xxl&quot;:&quot;medium&quot;},&quot;bt_bb_align_&quot;:{&quot;current_class&quot;:&quot;bt_bb_align_inherit&quot;,&quot;xxl&quot;:&quot;inherit&quot;}}\"><a href=\"https:\/\/studioreyniergomez.com\/wp-content\/uploads\/2025\/06\/Syksyn-aikataulu-2025.jpg\" target=\"_self\" class=\"bt_bb_link\" title=\"Katso aikataulut\"><span class=\"bt_bb_button_text\" >Katso aikataulut<\/span><\/a><\/div><\/div><\/div><\/div><\/div><\/div><\/div><\/div><\/div><\/section>","protected":false},"excerpt":{"rendered":"","protected":false},"author":1,"featured_media":0,"parent":0,"menu_order":0,"comment_status":"closed","ping_status":"closed","template":"","meta":{"om_disable_all_campaigns":false,"_monsterinsights_skip_tracking":false,"_monsterinsights_sitenote_active":false,"_monsterinsights_sitenote_note":"","_monsterinsights_sitenote_category":0,"footnotes":""},"class_list":["post-4246","page","type-page","status-publish","hentry"],"aioseo_notices":[],"yoast_head":"<!-- This site is optimized with the Yoast SEO plugin v20.9 - https:\/\/yoast.com\/wordpress\/plugins\/seo\/ -->\n<title>Ota yhteytt\u00e4 - Tanssikoulu Studio Reynier G\u00f3mez<\/title>\n<meta name=\"robots\" content=\"index, follow, max-snippet:-1, max-image-preview:large, max-video-preview:-1\" \/>\n<link rel=\"canonical\" href=\"https:\/\/studioreyniergomez.com\/en\/ota-yhteytta\/\" \/>\n<meta property=\"og:locale\" content=\"en_US\" \/>\n<meta property=\"og:type\" content=\"article\" \/>\n<meta property=\"og:title\" content=\"Ota yhteytt\u00e4 - Tanssikoulu Studio Reynier G\u00f3mez\" \/>\n<meta property=\"og:url\" content=\"https:\/\/studioreyniergomez.com\/en\/ota-yhteytta\/\" \/>\n<meta property=\"og:site_name\" content=\"Tanssikoulu Studio Reynier G\u00f3mez\" \/>\n<meta property=\"article:publisher\" content=\"https:\/\/www.facebook.com\/1533636103629643\" \/>\n<meta property=\"article:modified_time\" content=\"2025-08-10T18:42:18+00:00\" \/>\n<meta name=\"twitter:card\" content=\"summary_large_image\" \/>\n<meta name=\"twitter:label1\" content=\"Est. reading time\" \/>\n\t<meta name=\"twitter:data1\" content=\"4 minutes\" \/>\n<script type=\"application\/ld+json\" class=\"yoast-schema-graph\">{\"@context\":\"https:\/\/schema.org\",\"@graph\":[{\"@type\":\"WebPage\",\"@id\":\"https:\/\/studioreyniergomez.com\/ota-yhteytta\/\",\"url\":\"https:\/\/studioreyniergomez.com\/ota-yhteytta\/\",\"name\":\"Ota yhteytt\u00e4 - Tanssikoulu Studio Reynier G\u00f3mez\",\"isPartOf\":{\"@id\":\"https:\/\/studioreyniergomez.com\/#website\"},\"datePublished\":\"2022-12-05T10:33:14+00:00\",\"dateModified\":\"2025-08-10T18:42:18+00:00\",\"breadcrumb\":{\"@id\":\"https:\/\/studioreyniergomez.com\/ota-yhteytta\/#breadcrumb\"},\"inLanguage\":\"en-US\",\"potentialAction\":[{\"@type\":\"ReadAction\",\"target\":[\"https:\/\/studioreyniergomez.com\/ota-yhteytta\/\"]}]},{\"@type\":\"BreadcrumbList\",\"@id\":\"https:\/\/studioreyniergomez.com\/ota-yhteytta\/#breadcrumb\",\"itemListElement\":[{\"@type\":\"ListItem\",\"position\":1,\"name\":\"Etusivu\",\"item\":\"https:\/\/studioreyniergomez.com\/\"},{\"@type\":\"ListItem\",\"position\":2,\"name\":\"Ota yhteytt\u00e4\"}]},{\"@type\":\"WebSite\",\"@id\":\"https:\/\/studioreyniergomez.com\/#website\",\"url\":\"https:\/\/studioreyniergomez.com\/\",\"name\":\"Tanssikoulu Studio Reynier G\u00f3mez\",\"description\":\"Kuubalaisia tansseja ja aurinkoista menoa osoitteessa Brahenkatu 12 sis\u00e4piha!\",\"publisher\":{\"@id\":\"https:\/\/studioreyniergomez.com\/#organization\"},\"potentialAction\":[{\"@type\":\"SearchAction\",\"target\":{\"@type\":\"EntryPoint\",\"urlTemplate\":\"https:\/\/studioreyniergomez.com\/?s={search_term_string}\"},\"query-input\":\"required name=search_term_string\"}],\"inLanguage\":\"en-US\"},{\"@type\":\"Organization\",\"@id\":\"https:\/\/studioreyniergomez.com\/#organization\",\"name\":\"Studio Reynier G\u00f3mez\",\"url\":\"https:\/\/studioreyniergomez.com\/\",\"logo\":{\"@type\":\"ImageObject\",\"inLanguage\":\"en-US\",\"@id\":\"https:\/\/studioreyniergomez.com\/#\/schema\/logo\/image\/\",\"url\":\"https:\/\/reyniergomez.stmatthewsglenview.co.zw\/wp-content\/uploads\/2022\/11\/logo_srg.png\",\"contentUrl\":\"https:\/\/reyniergomez.stmatthewsglenview.co.zw\/wp-content\/uploads\/2022\/11\/logo_srg.png\",\"width\":300,\"height\":300,\"caption\":\"Studio Reynier G\u00f3mez\"},\"image\":{\"@id\":\"https:\/\/studioreyniergomez.com\/#\/schema\/logo\/image\/\"},\"sameAs\":[\"https:\/\/www.facebook.com\/1533636103629643\",\"https:\/\/www.youtube.com\/@reypumarex\"]}]}<\/script>\n<!-- \/ Yoast SEO plugin. -->","yoast_head_json":{"title":"Ota yhteytt\u00e4 - Tanssikoulu Studio Reynier G\u00f3mez","robots":{"index":"index","follow":"follow","max-snippet":"max-snippet:-1","max-image-preview":"max-image-preview:large","max-video-preview":"max-video-preview:-1"},"canonical":"https:\/\/studioreyniergomez.com\/en\/ota-yhteytta\/","og_locale":"en_US","og_type":"article","og_title":"Ota yhteytt\u00e4 - Tanssikoulu Studio Reynier G\u00f3mez","og_url":"https:\/\/studioreyniergomez.com\/en\/ota-yhteytta\/","og_site_name":"Tanssikoulu Studio Reynier G\u00f3mez","article_publisher":"https:\/\/www.facebook.com\/1533636103629643","article_modified_time":"2025-08-10T18:42:18+00:00","twitter_card":"summary_large_image","twitter_misc":{"Est. reading time":"4 minutes"},"schema":{"@context":"https:\/\/schema.org","@graph":[{"@type":"WebPage","@id":"https:\/\/studioreyniergomez.com\/ota-yhteytta\/","url":"https:\/\/studioreyniergomez.com\/ota-yhteytta\/","name":"Ota yhteytt\u00e4 - Tanssikoulu Studio Reynier G\u00f3mez","isPartOf":{"@id":"https:\/\/studioreyniergomez.com\/#website"},"datePublished":"2022-12-05T10:33:14+00:00","dateModified":"2025-08-10T18:42:18+00:00","breadcrumb":{"@id":"https:\/\/studioreyniergomez.com\/ota-yhteytta\/#breadcrumb"},"inLanguage":"en-US","potentialAction":[{"@type":"ReadAction","target":["https:\/\/studioreyniergomez.com\/ota-yhteytta\/"]}]},{"@type":"BreadcrumbList","@id":"https:\/\/studioreyniergomez.com\/ota-yhteytta\/#breadcrumb","itemListElement":[{"@type":"ListItem","position":1,"name":"Etusivu","item":"https:\/\/studioreyniergomez.com\/"},{"@type":"ListItem","position":2,"name":"Ota yhteytt\u00e4"}]},{"@type":"WebSite","@id":"https:\/\/studioreyniergomez.com\/#website","url":"https:\/\/studioreyniergomez.com\/","name":"Tanssikoulu Studio Reynier G\u00f3mez","description":"Kuubalaisia tansseja ja aurinkoista menoa osoitteessa Brahenkatu 12 sis\u00e4piha!","publisher":{"@id":"https:\/\/studioreyniergomez.com\/#organization"},"potentialAction":[{"@type":"SearchAction","target":{"@type":"EntryPoint","urlTemplate":"https:\/\/studioreyniergomez.com\/?s={search_term_string}"},"query-input":"required name=search_term_string"}],"inLanguage":"en-US"},{"@type":"Organization","@id":"https:\/\/studioreyniergomez.com\/#organization","name":"Studio Reynier G\u00f3mez","url":"https:\/\/studioreyniergomez.com\/","logo":{"@type":"ImageObject","inLanguage":"en-US","@id":"https:\/\/studioreyniergomez.com\/#\/schema\/logo\/image\/","url":"https:\/\/reyniergomez.stmatthewsglenview.co.zw\/wp-content\/uploads\/2022\/11\/logo_srg.png","contentUrl":"https:\/\/reyniergomez.stmatthewsglenview.co.zw\/wp-content\/uploads\/2022\/11\/logo_srg.png","width":300,"height":300,"caption":"Studio Reynier G\u00f3mez"},"image":{"@id":"https:\/\/studioreyniergomez.com\/#\/schema\/logo\/image\/"},"sameAs":["https:\/\/www.facebook.com\/1533636103629643","https:\/\/www.youtube.com\/@reypumarex"]}]}},"_links":{"self":[{"href":"https:\/\/studioreyniergomez.com\/en\/wp-json\/wp\/v2\/pages\/4246","targetHints":{"allow":["GET"]}}],"collection":[{"href":"https:\/\/studioreyniergomez.com\/en\/wp-json\/wp\/v2\/pages"}],"about":[{"href":"https:\/\/studioreyniergomez.com\/en\/wp-json\/wp\/v2\/types\/page"}],"author":[{"embeddable":true,"href":"https:\/\/studioreyniergomez.com\/en\/wp-json\/wp\/v2\/users\/1"}],"replies":[{"embeddable":true,"href":"https:\/\/studioreyniergomez.com\/en\/wp-json\/wp\/v2\/comments?post=4246"}],"version-history":[{"count":44,"href":"https:\/\/studioreyniergomez.com\/en\/wp-json\/wp\/v2\/pages\/4246\/revisions"}],"predecessor-version":[{"id":5646,"href":"https:\/\/studioreyniergomez.com\/en\/wp-json\/wp\/v2\/pages\/4246\/revisions\/5646"}],"wp:attachment":[{"href":"https:\/\/studioreyniergomez.com\/en\/wp-json\/wp\/v2\/media?parent=4246"}],"curies":[{"name":"wp","href":"https:\/\/api.w.org\/{rel}","templated":true}]}}